{"id":1070,"date":"2015-06-27T20:25:11","date_gmt":"2015-06-27T18:25:11","guid":{"rendered":"http:\/\/uranus:81\/de\/unterstuetzung\/hilfe\/bulkmailer\/bulkmailer-feedback-module-help\/"},"modified":"2016-12-02T08:33:18","modified_gmt":"2016-12-02T07:33:18","slug":"bulkmailer-feedback-modul-hilfe","status":"publish","type":"page","link":"https:\/\/www.kroll-software.ch\/de\/unterstuetzung\/hilfe\/bulkmailer\/bulkmailer-feedback-modul-hilfe\/","title":{"rendered":"BulkMailer Feedback Modul Hilfe"},"content":{"rendered":"\r\n\r\n&nbsp;<br \/>\r\n<p>Das BulkMailer Feedback Modul ist Bestandteil der BulkMailer Anwendung. Es kann aus dem BulkMailer Haupt-Men\u00fc \"Extras->Feedback-Modul\" gestartet werden.<\/p>\r\n\r\n<img decoding=\"async\" class=\"img-responsive center\" src=\"\/images\/bulkmailer-feedback-module-screenshot-de.png\" alt=\"BulkMailer Feedback-Modul Screenshot\" \/>\r\n\r\n<p>Das Feedback-Modul dient dazu, die Behandlung von Antwortmails zu automatisieren.<\/p>\r\n\r\n<p>Das Programm holt Mails von einem bestimmten POP3-Postfach ab und f\u00fchrt \r\n- abh\u00e4ngig von frei definierbaren Filtern - bestimmte Aktionen durch:<\/p>\r\n\r\n<ul>\r\n<li>Eintragung des Absenders in eine BulkMailer-Adressdatenbank (<i>subscribe<\/i>)<\/li>\r\n<li>Eintragung des Absenders in die Ausschlu\u00dfliste (<i>unsubscribe<\/i>)<\/li>\r\n<li><a href=\"\/de\/help-chapter\/conditions\/\">Bounce-Management<\/a><\/li>\r\n<li>Weiterleitung \/ Umleitung der Mail an eine andere Adresse<\/li>\r\n<li>Ausf\u00fchrung eines Programms<\/li>\r\n<\/ul>\r\n\r\n<p>Die Nachricht kann dabei wahlweise auf dem Server belassen oder gel\u00f6scht werden.<br>\r\nDer Vorgang kann zeitgesteuert ausgef\u00fchrt werden.<\/p>\r\n\r\n<h4>Bieten Sie eine \"unsubscribe\" (Abmelde-) M\u00f6glichkeit in Ihren Serienmails<\/h4>\r\n\r\n<p>In jedem Massenmailing sollten Sie dem Empf\u00e4nger die M\u00f6glichkeit bieten, \r\nsich aus der Mailing-Liste auszutragen. Am Ende Ihrer Nachricht k\u00f6nnte etwa folgender Satz stehen:<\/p>\r\n\r\n<p><code><i>Falls Sie keine weiteren Nachrichten von uns w\u00fcnschen, \r\nbeantworten Sie diese Mail bitte mit dem Wort 'unsubscribe' im Betreff.<\/i><\/code><\/p>\r\n\r\n<p>Erstellen Sie dazu folgenden Link in einer Html-Email:<\/p>\r\n<pre><code class=\"language-markup\">\r\n&lt;a href=&quot;mailto:newsletter@example.com?subject=unsubscribe&quot;&gt;\r\nNewsletter abbestellen&lt;\/a&gt;\r\n<\/code><\/pre>\r\n\r\n<p>Das Feedback-Modul kann den Absender dieser Mail dann automatisch zur Ausschlu\u00dfliste hinzuf\u00fcgen.<\/p>\r\n\r\n<h4>Richten Sie eine \"subscribe\" (Anmelde-) Funktion f\u00fcr Ihren Newsletter auf Ihrer Webseite ein<\/h4>\r\n\r\n<p>Dies ist durch einen einfachen Link m\u00f6glich:<\/p>\r\n<pre><code class=\"language-markup\">\r\n&lt;a href=&quot;mailto:newsletter@example.com?subject=subscribe&quot;&gt;\r\nNewsletter bestellen&lt;\/a&gt;\r\n<\/code><\/pre>\r\n\r\n<p>Das sieht in der Email dann so aus: <a href=\"mailto:newsletter@example.com?subject=subscribe\">\r\nNewsletter bestellen<\/a><br \/>\r\nBeim Empf\u00e4nger sollte sich dann f\u00fcr gew\u00f6hnlich dessen EMail-Programm \u00f6ffnen, mit der vorausgef\u00fcllten Betreff-Zeile.<\/p>\r\n\r\n<h4>Erweiterte Anmeldefunktion<\/h4>\r\n<p>Durch ein Formular-Script k\u00f6nnen Sie \r\nalternativ Ihren Webserver diese Anmelde-EMail versenden lassen. Auf diese Weise k\u00f6nnen weitere Formularfelder bei der Anmeldung \u00fcbertragen werden.<\/p>\r\n\r\n<p>Lesen Sie dazu die Dokumentation zum <a href=\"\/de\/help-chapter\/form-parser\/\">Formular Parser<\/a><\/p>\r\n","protected":false},"excerpt":{"rendered":"","protected":false},"author":1,"featured_media":0,"parent":902,"menu_order":0,"comment_status":"closed","ping_status":"closed","template":"page-ks-help.php","meta":{"footnotes":""},"class_list":["post-1070","page","type-page","status-publish","hentry"],"_links":{"self":[{"href":"https:\/\/www.kroll-software.ch\/de\/wp-json\/wp\/v2\/pages\/1070","targetHints":{"allow":["GET"]}}],"collection":[{"href":"https:\/\/www.kroll-software.ch\/de\/wp-json\/wp\/v2\/pages"}],"about":[{"href":"https:\/\/www.kroll-software.ch\/de\/wp-json\/wp\/v2\/types\/page"}],"author":[{"embeddable":true,"href":"https:\/\/www.kroll-software.ch\/de\/wp-json\/wp\/v2\/users\/1"}],"replies":[{"embeddable":true,"href":"https:\/\/www.kroll-software.ch\/de\/wp-json\/wp\/v2\/comments?post=1070"}],"version-history":[{"count":0,"href":"https:\/\/www.kroll-software.ch\/de\/wp-json\/wp\/v2\/pages\/1070\/revisions"}],"up":[{"embeddable":true,"href":"https:\/\/www.kroll-software.ch\/de\/wp-json\/wp\/v2\/pages\/902"}],"wp:attachment":[{"href":"https:\/\/www.kroll-software.ch\/de\/wp-json\/wp\/v2\/media?parent=1070"}],"curies":[{"name":"wp","href":"https:\/\/api.w.org\/{rel}","templated":true}]}}