{"id":740,"date":"2015-06-12T23:00:33","date_gmt":"2015-06-12T21:00:33","guid":{"rendered":"http:\/\/uranus:81\/de\/?page_id=740"},"modified":"2019-12-18T02:01:36","modified_gmt":"2019-12-18T01:01:36","slug":"ueber","status":"publish","type":"page","link":"https:\/\/www.kroll-software.ch\/de\/ueber\/","title":{"rendered":"\u00dcber Kroll-Software"},"content":{"rendered":"\r\n<div class=\"bullettitle\">\r\n<h3>Wie alles begann<\/h3>\r\n<\/div>\r\n\r\n<div class=\"row\">\r\n<div class=\"col-md-9\">\r\n<p>Als Siebenj\u00e4hriger sah ich meinen ersten Rechner im Schaufenster einer Kaffeer\u00f6sterkette. Den musste ich haben. Und ich war \u00fcberzeugt, dass wenn das Ding rechnen kann, dann kann es sicher auch mehr.<\/p>\r\n\r\n<p>Das interessanteste an solchen Ger\u00e4ten war ja, wenn man sie endlich auseinander nahm, um zu sehen, was drin steckt.\r\nBei Mikroelektronik erschloss sich das leider nicht auf den ersten Blick. Sp\u00e4ter lernte ich dann in der Schule und aus vielen B\u00fcchern, wie das mit Hilfe der Elektronik und der Boolschen Algebra funktioniert.<\/p>\r\n\r\n<p>Als Jugendliche sa\u00dfen wir dann mit einem der ersten programmierbaren Taschenrechner beisammen und spielten ein W\u00fcrfelspiel. Das Interessante war aber, dass wir gar keine W\u00fcrfel brauchten sondern dies der geliehene und s\u00fcndhaft teure programmierbare Taschenrechner tat. Wenige Zeilen Programm und der Taschenrechner war ein W\u00fcrfel !<\/p>\r\n\r\n<p>Einige Jahre sp\u00e4ter konnte man dann einige tausend Zeilen Code in einen Commodore VC 16 eintippen und dann als Frosch \u00fcber eine Stra\u00dfe laufen, m\u00f6glichst ohne von den Autos \u00fcberfahren zu werden.\r\nDas konnte man bis zum Ausschalten der Maschine tun, dann war alles weg. Mir fehlte das entsprechende Speicherger\u00e4t.<\/p>\r\n\r\n<p>Mein Sharp MZ 700 hatte dann endlich eine <em>Datasette<\/em> und damit begann die Sache ernsthaft zu werden. Es lohnte sich Arbeit da hineinzustecken, und wenn man einmal ein Programm zur Berechnung von binomischen Formeln in Basic programmiert hatte, brauchte man schlie\u00dflich nie wieder eine binomische Formel selbst ausrechnen. Das war von gro\u00dfem praktischen Nutzen.<\/p>\r\n\r\n<p>Neben binomischen Formeln sah ich auch mein erstes Apfelm\u00e4nnchen in ASCII Grafik. Das sah noch nicht so toll aus, aber war trotzdem beeindruckend. \r\nEin Party-Planer Algorithmus konnte ausrechnen, wie sich Personen auf einer Party bewegen. Alle wollten zum Buffet, hatten aber gewisse Zuneigungen oder Abneigungen untereinander, wordurch sich ein selbstorganisierendes Schwarmverhalten einstellte.<\/p>\r\n\r\n<p>Als ich dann vor meinem ersten IBM XT sa\u00df, lie\u00df mich die Sache gar nicht mehr los. Ein guter Freund zeigte mir einen Pascal-Compiler und ich lernte, dass man mit objektorientiertem Programmieren viel weiter kommt als mit Spaghetti-Code.<\/p>\r\n\r\n<p>Ich studierte den Wirth und seine <i>Algorithmen und Datenstrukturen<\/i> und baute aus verketteten Listen und Bin\u00e4rb\u00e4umen eine ShareWare Datenbank INFOBASE, die ich \u00fcber das <abbr title=\"Ein Vorl\u00e4ufer des Internet per Telefon \u00fcber Mailboxen\"><a href=\"http:\/\/de.wikipedia.org\/wiki\/FidoNet\" target=\"_blank\" rel=\"noopener noreferrer\">Fido-Netz<\/a><\/abbr> vertrieb.<\/p>\r\n\r\n<p>Nach Anstellung bei der Firma LuRaTech in Berlin-Adlershof folgte 1995 meine Laufbahn als selbst\u00e4ndiger professioneller Software-Entwickler.\r\nSeitdem entwickle ich Software mit dem Ziel, dass diese f\u00fcr Sie n\u00fctzlich ist.<\/p>\r\n\r\n<p class=\"pull-right\">Detlef Kroll<\/p>\r\n\r\n<\/div>\r\n<div class=\"col-md-3\">\r\n    <div class=\"separator bottom\">\r\n    <img decoding=\"async\" src=\"\/images\/computer-museum\/800px-Commodore_PR-100_3q.jpg\" class=\"img-responsive\" alt=\"Programmierbarer Taschenrechner\" \/>\r\n    <label class=\"text-smaller\">Programmierbarer Taschenrechner<\/label>\r\n    <\/div>    \r\n\r\n    <div class=\"separator bottom\">\r\n    <img decoding=\"async\" src=\"\/images\/computer-museum\/sharp_mz700.jpg\" class=\"img-responsive\" alt=\"Sharp MZ 700\" \/>\r\n    <label class=\"text-smaller\">Sharp MZ 700<\/label>\r\n    <\/div>\r\n\r\n    <div class=\"separator bottom\">\r\n    <img decoding=\"async\" src=\"\/images\/computer-museum\/IBM_PC_5150.jpg\" class=\"img-responsive\" alt=\"IBM PC\" \/>\r\n    <label class=\"text-smaller\">IBM PC<\/label>\r\n    <\/div>\r\n\r\n    <div class=\"separator bottom\">    \r\n    <p class=\"text-xs\">Alle historischen Bilder unter der Creative-Commons-License. Quelle: Wikipedia. Wenn Sie Rechteinhaber dieser Marken sind und etwas gegen diese Darstellung einzuwenden haben, bitte ich um R\u00fcckmeldung, ich werde das Bild dann sofort entfernen.<\/p>\r\n    <\/div>\r\n<\/div>\r\n<\/div>\r\n","protected":false},"excerpt":{"rendered":"","protected":false},"author":1,"featured_media":0,"parent":0,"menu_order":0,"comment_status":"closed","ping_status":"closed","template":"","meta":{"footnotes":""},"class_list":["post-740","page","type-page","status-publish","hentry"],"_links":{"self":[{"href":"https:\/\/www.kroll-software.ch\/de\/wp-json\/wp\/v2\/pages\/740","targetHints":{"allow":["GET"]}}],"collection":[{"href":"https:\/\/www.kroll-software.ch\/de\/wp-json\/wp\/v2\/pages"}],"about":[{"href":"https:\/\/www.kroll-software.ch\/de\/wp-json\/wp\/v2\/types\/page"}],"author":[{"embeddable":true,"href":"https:\/\/www.kroll-software.ch\/de\/wp-json\/wp\/v2\/users\/1"}],"replies":[{"embeddable":true,"href":"https:\/\/www.kroll-software.ch\/de\/wp-json\/wp\/v2\/comments?post=740"}],"version-history":[{"count":0,"href":"https:\/\/www.kroll-software.ch\/de\/wp-json\/wp\/v2\/pages\/740\/revisions"}],"wp:attachment":[{"href":"https:\/\/www.kroll-software.ch\/de\/wp-json\/wp\/v2\/media?parent=740"}],"curies":[{"name":"wp","href":"https:\/\/api.w.org\/{rel}","templated":true}]}}