{"id":898,"date":"2015-06-13T23:23:30","date_gmt":"2015-06-13T21:23:30","guid":{"rendered":"http:\/\/uranus:81\/de\/ueber\/imprint\/"},"modified":"2019-12-18T01:31:24","modified_gmt":"2019-12-18T00:31:24","slug":"impressum","status":"publish","type":"page","link":"https:\/\/www.kroll-software.ch\/de\/ueber\/impressum\/","title":{"rendered":"Impressum"},"content":{"rendered":"\r\n<p>Kroll Software-Entwicklung<br>\r\nH\u00f6fligasse 11<br>\r\nCH - 6460 Altdorf<br>\r\nSchweiz<br>\r\n&nbsp;<br>\r\nDetlef Kroll<BR>\r\n&nbsp;<BR>\r\nTel.: +41-41-5351767<br>\r\n<!-- Fax: +41-41-7619951<br> -->\r\nEmail: <a href=\"mailto:info@kroll-software.ch\">info@kroll-software.ch<\/a><\/p>\r\n\r\n<p>Schweizer Handelsregister: CH-170.1.006.720-9<br \/>\r\nMwSt.-Nr.: CHE-113.160.300 MWST<\/p>\r\n\r\n<div class=\"bullettitle\">\r\n<h3>Datenschutzerkl\u00e4rung<\/h3>\r\n<\/div>\r\n\r\n<p>Der Schutz Ihrer Daten wird bei Kroll-Software sehr ernst genommen.<\/p>\r\n\r\n<p>Durch die Nutzung unserer Website, die Anforderung von Demoversionen \r\nund schlussendlich durch Lizensierung fallen Daten an. Hiermit versichern wir, dass<\/p>\r\n\r\n<ul>\r\n<li>diese Daten nur in einem Umfang erhoben werden, wie es f\u00fcr den jeweiligen Service erforderlich ist<\/li>\r\n<li>Ihre Daten bei uns mit Sorgfalt gespeichert und gegen unbefugten Zugriff gesch\u00fctzt werden<\/li>\r\n<li>wir nicht selbst mit Adressen handeln und Ihre Daten auch nicht an Dritte weitergeben<\/li>\r\n<li>Ihre Daten nicht zu Werbezwecken oder einem anderen entfernten Zweck gebraucht werden.<\/li>\r\n<\/ul>\r\n\r\n<div class=\"bullettitle\">\r\n<h3>\"Allgemeine Gesch\u00e4ftsbedingungen\"<\/h3>\r\n<\/div>\r\n\r\n<p>Kroll-Software verzichtet komplett auf zus\u00e4tzliche <i>&quot;allgemeine Gesch\u00e4ftsbedingungen&quot;<\/i>.\r\nWir vertrauen allein auf geltendes Recht und meinen, dass dadurch alle Belange bestens geregelt sind.<\/p>\r\n\r\n<p>F\u00fcr Sie als Kunde hat das den Vorteil, dass Sie sich nicht erst mit kompliziertem Kleingedruckten auseinandersetzen m\u00fcssen.<\/p>\r\n\r\n\r\n<div class=\"bullettitle\">\r\n<h3>Verwendung von Cookies<\/h3>\r\n<\/div>\r\n\r\n<p>Wir informieren Sie, dass wir auf dieser Website Cookies verwenden. Cookies sind kleine, elektronische Dateien, die von der Website an Ihren Browser gesendet und auf der Festplatte Ihres Systems gespeichert werden. Sie dienen dazu, Ihre Pr\u00e4ferenzen bei der Verbindung mit den Diensten unserer Websites zu ermitteln und bestimmte Verhaltensweisen oder Aktivit\u00e4ten nachzuverfolgen, die Sie auf unseren Webseiten ausgef\u00fchrt haben.<\/p>\r\n\r\n<p>In einigen Bereichen unserer Website verlangen wir, dass der Besucher die Cookies aktiviert, da einige der Funktionen erfordern, dass sie funktionieren, aber unter keinen Umst\u00e4nden pers\u00f6nliche Informationen sammeln (Identifizierung, Kontakt, Arbeit oder auf andere Weise).<\/p>\r\n\r\n<p>Die erhaltenen Informationen d\u00fcrfen nicht an Dritte weitergegeben werden, mit Ausnahme von F\u00e4llen, in denen m\u00f6gliche betr\u00fcgerische Aktivit\u00e4ten untersucht werden.<\/p>\r\n\r\n<p>Wenn der Benutzer die Cookies deaktivieren m\u00f6chte, muss er dies direkt \u00fcber den Webbrowser tun.<\/p>\r\n\r\n\r\n<div class=\"bullettitle\">\r\n<h3>Externe Links<\/h3>\r\n<\/div>\r\n\r\n<p>Hiermit distanzieren wir uns ausdr\u00fccklich von den Inhalten aller Links auf\r\ndieser Homepage und machen uns deren Inhalte nicht zu eigen. Den Inhalt des\r\njeweiligen Links hat deren Inhaber allein zu verantworten.<\/p>\r\n\r\n<div class=\"bullettitle\">\r\n<h3>Copyrights<\/h3>\r\n<\/div>\r\n\r\n<p>Copyright &copy; 1995-2018 by Kroll Software-Entwicklung. Alle\r\nRechte vorbehalten. Alle technischen Daten k\u00f6nnen ohne Angabe von Gr\u00fcnden\r\nge\u00e4ndert werden.<\/p>\r\n<p>Das Firmenzeichen von Microsoft und deren Produkte sind eingetragene\r\nWarenzeichen von Microsoft. Andere aufgef\u00fchrte Produkte und Unternehmen sind\r\nWarenzeichen oder eingetragene Warenzeichen der jeweiligen Unternehmen bzw.\r\nLizenzinhaber.<\/p>\r\n\r\n<div class=\"bullettitle\">\r\n<h3>SWISS MADE SOFTWARE<\/h3>\r\n<\/div>\r\n\r\n<p>Kroll-Software wurde 1995 in Berlin gegr\u00fcndet. \r\nSeit Juli 2006 sind wir in die Schweiz umgezogen und dies ist nun unser alleiniger Firmensitz.\r\nWir sind keine Briefkastenfirma. Die hier angebotene Software wird ausschlie\u00dflich von uns in der Schweiz entwickelt.<\/p>\r\n\r\n<p>Daher freuen wir uns, folgendes Label f\u00fchren zu k\u00f6nnen:<\/p>\r\n<a href=\"http:\/\/www.swissmadesoftware.org\/\" target=\"_blank\" rel=\"noopener noreferrer\">\r\n<img decoding=\"async\" src=\"\/images\/swiss_made_software-original.gif\" alt=\"swiss made software\" \/><\/a>\r\n","protected":false},"excerpt":{"rendered":"","protected":false},"author":1,"featured_media":0,"parent":740,"menu_order":0,"comment_status":"closed","ping_status":"closed","template":"","meta":{"footnotes":""},"class_list":["post-898","page","type-page","status-publish","hentry"],"_links":{"self":[{"href":"https:\/\/www.kroll-software.ch\/de\/wp-json\/wp\/v2\/pages\/898","targetHints":{"allow":["GET"]}}],"collection":[{"href":"https:\/\/www.kroll-software.ch\/de\/wp-json\/wp\/v2\/pages"}],"about":[{"href":"https:\/\/www.kroll-software.ch\/de\/wp-json\/wp\/v2\/types\/page"}],"author":[{"embeddable":true,"href":"https:\/\/www.kroll-software.ch\/de\/wp-json\/wp\/v2\/users\/1"}],"replies":[{"embeddable":true,"href":"https:\/\/www.kroll-software.ch\/de\/wp-json\/wp\/v2\/comments?post=898"}],"version-history":[{"count":0,"href":"https:\/\/www.kroll-software.ch\/de\/wp-json\/wp\/v2\/pages\/898\/revisions"}],"up":[{"embeddable":true,"href":"https:\/\/www.kroll-software.ch\/de\/wp-json\/wp\/v2\/pages\/740"}],"wp:attachment":[{"href":"https:\/\/www.kroll-software.ch\/de\/wp-json\/wp\/v2\/media?parent=898"}],"curies":[{"name":"wp","href":"https:\/\/api.w.org\/{rel}","templated":true}]}}